{"id":503,"date":"2023-07-25T18:18:13","date_gmt":"2023-07-25T21:18:13","guid":{"rendered":"https:\/\/site.ganzaroliassessoria.com.br\/?page_id=503"},"modified":"2023-07-25T18:47:26","modified_gmt":"2023-07-25T21:47:26","slug":"solicitacao-de-documento","status":"publish","type":"page","link":"https:\/\/stage.ganzaroliassessoria.com.br\/?page_id=503","title":{"rendered":"Solicita\u00e7\u00e3o de Documento"},"content":{"rendered":"\t\t<div data-elementor-type=\"wp-page\" data-elementor-id=\"503\" class=\"elementor elementor-503\" data-elementor-post-type=\"page\">\n\t\t\t\t\t\t<section class=\"elementor-section elementor-top-section elementor-element elementor-element-67e068c1 elementor-section-height-min-height elementor-section-items-top elementor-section-boxed elementor-section-height-default\" data-id=\"67e068c1\" data-element_type=\"section\" data-e-type=\"section\" data-settings=\"{&quot;background_background&quot;:&quot;classic&quot;}\">\n\t\t\t\t\t\t<div class=\"elementor-container elementor-column-gap-no\">\n\t\t\t\t\t<div class=\"elementor-column elementor-col-50 elementor-top-column elementor-element elementor-element-512801f8\" data-id=\"512801f8\" data-element_type=\"column\" data-e-type=\"column\">\n\t\t\t<div class=\"elementor-widget-wrap elementor-element-populated\">\n\t\t\t\t\t\t<div class=\"elementor-element elementor-element-2c8777b6 elementor-widget elementor-widget-heading\" data-id=\"2c8777b6\" data-element_type=\"widget\" data-e-type=\"widget\" data-widget_type=\"heading.default\">\n\t\t\t\t<div class=\"elementor-widget-container\">\n\t\t\t\t\t<h6 class=\"elementor-heading-title elementor-size-default\">Solicite o seu Documento<\/h6>\t\t\t\t<\/div>\n\t\t\t\t<\/div>\n\t\t\t\t<div class=\"elementor-element elementor-element-399cfb83 elementor-widget elementor-widget-heading\" data-id=\"399cfb83\" data-element_type=\"widget\" data-e-type=\"widget\" data-widget_type=\"heading.default\">\n\t\t\t\t<div class=\"elementor-widget-container\">\n\t\t\t\t\t<h1 class=\"elementor-heading-title elementor-size-default\">CERTIFICADO DE APROVA\u00c7\u00c3O<\/h1>\t\t\t\t<\/div>\n\t\t\t\t<\/div>\n\t\t\t\t<div class=\"elementor-element elementor-element-504f89ee elementor-widget elementor-widget-text-editor\" data-id=\"504f89ee\" data-element_type=\"widget\" data-e-type=\"widget\" data-widget_type=\"text-editor.default\">\n\t\t\t\t<div class=\"elementor-widget-container\">\n\t\t\t\t\t\t\t\t\t<p>O Certificado de Aprova\u00e7\u00e3o a ser emitido comprova a classifica\u00e7\u00e3o do requerente em Concurso P\u00fablico ou Processo Seletivo e poder\u00e1 ser utilizado, entre outras finalidades, para a pontua\u00e7\u00e3o em provas de t\u00edtulos, caso a comprova\u00e7\u00e3o de aprova\u00e7\u00e3o em Concurso P\u00fablico ou Processo Seletivo seja pontuada pelo \u00f3rg\u00e3o p\u00fablico em quest\u00e3o.<\/p>\t\t\t\t\t\t\t\t<\/div>\n\t\t\t\t<\/div>\n\t\t\t\t\t<\/div>\n\t\t<\/div>\n\t\t\t\t<div class=\"elementor-column elementor-col-50 elementor-top-column elementor-element elementor-element-4c095976 elementor-invisible\" data-id=\"4c095976\" data-element_type=\"column\" data-e-type=\"column\" data-settings=\"{&quot;animation&quot;:&quot;slideInRight&quot;,&quot;animation_mobile&quot;:&quot;none&quot;,&quot;animation_tablet&quot;:&quot;none&quot;}\">\n\t\t\t<div class=\"elementor-widget-wrap elementor-element-populated\">\n\t\t\t\t\t\t<div class=\"elementor-element elementor-element-31a2a9e4 elementor-widget elementor-widget-image\" data-id=\"31a2a9e4\" data-element_type=\"widget\" data-e-type=\"widget\" data-widget_type=\"image.default\">\n\t\t\t\t<div class=\"elementor-widget-container\">\n\t\t\t\t\t\t\t\t\t\t\t\t\t\t\t<img fetchpriority=\"high\" decoding=\"async\" width=\"1920\" height=\"1280\" src=\"https:\/\/stage.ganzaroliassessoria.com.br\/wp-content\/uploads\/2023\/07\/banner-certificado-2-v1.jpg\" class=\"attachment-full size-full wp-image-512\" alt=\"\" srcset=\"https:\/\/stage.ganzaroliassessoria.com.br\/wp-content\/uploads\/2023\/07\/banner-certificado-2-v1.jpg 1920w, https:\/\/stage.ganzaroliassessoria.com.br\/wp-content\/uploads\/2023\/07\/banner-certificado-2-v1-300x200.jpg 300w, https:\/\/stage.ganzaroliassessoria.com.br\/wp-content\/uploads\/2023\/07\/banner-certificado-2-v1-1024x683.jpg 1024w, https:\/\/stage.ganzaroliassessoria.com.br\/wp-content\/uploads\/2023\/07\/banner-certificado-2-v1-768x512.jpg 768w, https:\/\/stage.ganzaroliassessoria.com.br\/wp-content\/uploads\/2023\/07\/banner-certificado-2-v1-1536x1024.jpg 1536w\" sizes=\"(max-width: 1920px) 100vw, 1920px\" \/>\t\t\t\t\t\t\t\t\t\t\t\t\t\t\t<\/div>\n\t\t\t\t<\/div>\n\t\t\t\t\t<\/div>\n\t\t<\/div>\n\t\t\t\t\t<\/div>\n\t\t<\/section>\n\t\t\t\t<section class=\"elementor-section elementor-top-section elementor-element elementor-element-24a1cfa3 elementor-section-height-min-height elementor-section-boxed elementor-section-height-default elementor-section-items-middle\" data-id=\"24a1cfa3\" data-element_type=\"section\" data-e-type=\"section\" data-settings=\"{&quot;background_background&quot;:&quot;classic&quot;}\">\n\t\t\t\t\t\t<div class=\"elementor-container elementor-column-gap-no\">\n\t\t\t\t\t<div class=\"elementor-column elementor-col-100 elementor-top-column elementor-element elementor-element-5e022016\" data-id=\"5e022016\" data-element_type=\"column\" data-e-type=\"column\">\n\t\t\t<div class=\"elementor-widget-wrap elementor-element-populated\">\n\t\t\t\t\t\t<section class=\"elementor-section elementor-inner-section elementor-element elementor-element-415a78b8 elementor-section-boxed elementor-section-height-default elementor-section-height-default\" data-id=\"415a78b8\" data-element_type=\"section\" data-e-type=\"section\">\n\t\t\t\t\t\t<div class=\"elementor-container elementor-column-gap-no\">\n\t\t\t\t\t<div class=\"elementor-column elementor-col-50 elementor-inner-column elementor-element elementor-element-66aaf70f\" data-id=\"66aaf70f\" data-element_type=\"column\" data-e-type=\"column\">\n\t\t\t<div class=\"elementor-widget-wrap elementor-element-populated\">\n\t\t\t\t\t\t<div class=\"elementor-element elementor-element-11d22eea elementor-widget elementor-widget-image\" data-id=\"11d22eea\" data-element_type=\"widget\" data-e-type=\"widget\" data-widget_type=\"image.default\">\n\t\t\t\t<div class=\"elementor-widget-container\">\n\t\t\t\t\t\t\t\t\t\t\t\t\t\t\t<img decoding=\"async\" src=\"https:\/\/stage.ganzaroliassessoria.com.br\/wp-content\/uploads\/elementor\/thumbs\/banner-certificado-1-v1-rn1anx5wp8cmkgvxk31eyl72umkfl2neuu5n63oy50.jpg\" title=\"banner-certificado-1-v1\" alt=\"banner-certificado-1-v1\" loading=\"lazy\" \/>\t\t\t\t\t\t\t\t\t\t\t\t\t\t\t<\/div>\n\t\t\t\t<\/div>\n\t\t\t\t\t<\/div>\n\t\t<\/div>\n\t\t\t\t<div class=\"elementor-column elementor-col-50 elementor-inner-column elementor-element elementor-element-4d670b5f\" data-id=\"4d670b5f\" data-element_type=\"column\" data-e-type=\"column\">\n\t\t\t<div class=\"elementor-widget-wrap elementor-element-populated\">\n\t\t\t\t\t\t<div class=\"elementor-element elementor-element-4f2e8b6 elementor-widget elementor-widget-text-editor\" data-id=\"4f2e8b6\" data-element_type=\"widget\" data-e-type=\"widget\" data-widget_type=\"text-editor.default\">\n\t\t\t\t<div class=\"elementor-widget-container\">\n\t\t\t\t\t\t\t\t\t<p>Informamos que o Certificado de Aprova\u00e7\u00e3o pode ser solicitado diretamente ao \u00f3rg\u00e3o p\u00fablico executor do Concurso P\u00fablico ou Processo Seletivo, desde que esteja finalizado (homologado), pois, n\u00e3o \u00e9 poss\u00edvel emitir o Certificado de Aprova\u00e7\u00e3o de Concursos P\u00fablicos ou Processos Seletivos que estejam em andamento.<\/p><p>Caso deseje que seja emitido por nossa institui\u00e7\u00e3o, ser\u00e1 cobrada taxa de expedi\u00e7\u00e3o e o Certificado de Aprova\u00e7\u00e3o ser\u00e1 disponibilizado em at\u00e9 5 (cinco) dias \u00fateis ap\u00f3s a confirma\u00e7\u00e3o do pagamento.<\/p><p><em><strong><span style=\"color: #333399;\">Para a solicita\u00e7\u00e3o e expedi\u00e7\u00e3o do Certificado de Aprova\u00e7\u00e3o, acesse a <a href=\"https:\/\/app.ganzaroliassessoria.com.br\/login_candidato.aspx\" target=\"_blank\" rel=\"noopener\"><span style=\"text-decoration: underline;\">\u00c1rea do Candidato<\/span><\/a> e clique em Solicitar de documentos.<\/span><\/strong><\/em><\/p><p><em>Para maiores informa\u00e7\u00f5es <span style=\"text-decoration: underline;\"><a href=\"https:\/\/stage.ganzaroliassessoria.com.br\/?page_id=230\">clique e fale conosco<\/a>.<\/span><\/em><\/p>\t\t\t\t\t\t\t\t<\/div>\n\t\t\t\t<\/div>\n\t\t\t\t\t<\/div>\n\t\t<\/div>\n\t\t\t\t\t<\/div>\n\t\t<\/section>\n\t\t\t\t\t<\/div>\n\t\t<\/div>\n\t\t\t\t\t<\/div>\n\t\t<\/section>\n\t\t\t\t<\/div>\n\t\t","protected":false},"excerpt":{"rendered":"<p>Solicite o seu Documento CERTIFICADO DE APROVA\u00c7\u00c3O O Certificado de Aprova\u00e7\u00e3o a ser emitido comprova a classifica\u00e7\u00e3o do requerente em Concurso P\u00fablico ou Processo Seletivo e poder\u00e1 ser utilizado, entre outras finalidades, para a pontua\u00e7\u00e3o em provas de t\u00edtulos, caso a comprova\u00e7\u00e3o de aprova\u00e7\u00e3o em Concurso P\u00fablico ou Processo Seletivo seja pontuada pelo \u00f3rg\u00e3o p\u00fablico [&hellip;]<\/p>\n","protected":false},"author":2,"featured_media":0,"parent":0,"menu_order":0,"comment_status":"closed","ping_status":"closed","template":"elementor_header_footer","meta":{"footnotes":""},"class_list":["post-503","page","type-page","status-publish","hentry"],"_links":{"self":[{"href":"https:\/\/stage.ganzaroliassessoria.com.br\/index.php?rest_route=\/wp\/v2\/pages\/503","targetHints":{"allow":["GET"]}}],"collection":[{"href":"https:\/\/stage.ganzaroliassessoria.com.br\/index.php?rest_route=\/wp\/v2\/pages"}],"about":[{"href":"https:\/\/stage.ganzaroliassessoria.com.br\/index.php?rest_route=\/wp\/v2\/types\/page"}],"author":[{"embeddable":true,"href":"https:\/\/stage.ganzaroliassessoria.com.br\/index.php?rest_route=\/wp\/v2\/users\/2"}],"replies":[{"embeddable":true,"href":"https:\/\/stage.ganzaroliassessoria.com.br\/index.php?rest_route=%2Fwp%2Fv2%2Fcomments&post=503"}],"version-history":[{"count":13,"href":"https:\/\/stage.ganzaroliassessoria.com.br\/index.php?rest_route=\/wp\/v2\/pages\/503\/revisions"}],"predecessor-version":[{"id":520,"href":"https:\/\/stage.ganzaroliassessoria.com.br\/index.php?rest_route=\/wp\/v2\/pages\/503\/revisions\/520"}],"wp:attachment":[{"href":"https:\/\/stage.ganzaroliassessoria.com.br\/index.php?rest_route=%2Fwp%2Fv2%2Fmedia&parent=503"}],"curies":[{"name":"wp","href":"https:\/\/api.w.org\/{rel}","templated":true}]}}